{"id":12117,"date":"2020-07-30T15:16:24","date_gmt":"2020-07-30T19:16:24","guid":{"rendered":"https:\/\/tcrp.ca\/amene-ta-visite\/"},"modified":"2023-04-14T16:06:17","modified_gmt":"2023-04-14T20:06:17","slug":"plus-de-100-activites","status":"publish","type":"page","link":"https:\/\/tcrp.ca\/en\/plus-de-100-activites\/","title":{"rendered":"Plus de 100 activit\u00e9s&#8230;"},"content":{"rendered":"<p>[vc_row full_width=&#8221;stretch_row_content_no_spaces&#8221;][vc_column]<div class='text_image_block-container-wpb '><div class='row'><div class=\"col-12 container-main\"><div class=\"container-single ti-text-right align-top\"><h2 class='text_image_block-title-wpb text-default text_image_block-title-color-green'>D\u00e9couvrez toutes les activit\u00e9s offertes<\/h2><div class=\"content-text btn-color-green text-default\">\n                    <p style=\"text-align: left;\">Plus de 1000 activit\u00e9s \u00e0 faire sur la route de la MRC du Rocher-Perc\u00e9 !<\/p>\n<h3 style=\"text-align: center;\"><span style=\"font-family: georgia, palatino, serif; font-size: 14pt;\">\u00a0<\/span><\/h3>\n\n                <\/div>\n            <\/div>\n        <\/div><\/div><\/div>[vc_column_text]<\/p>\n<p style=\"text-align: center;\"><div id=\"flipbook-container-4\" data-fullscreen=\"#333333|1|false\" data-slide-delay=\"2000\" data-display=\"front\"  class=\"flipbook-container flipbook-container-4  toc-old\"><div id=\"flipbook-4\" data-fb-id=\"napperon\" data-fb-w=\"1920\" data-fb-h=\"1314\" class=\"flipbook rfbwp-init\"><div class=\"fb-page single\"><div class=\"fb-page-content\"><div class=\"fb-container\"><div class=\"page-html\"><\/div><img src=\"https:\/\/tcrp.ca\/wp-content\/plugins\/responsive-flipbook\/assets\/images\/loader.gif\" class=\"bg-img-placeholder rfbwp-image\"\/><img src=\"https:\/\/tcrp.ca\/wp-content\/plugins\/responsive-flipbook\/assets\/images\/preloader.gif\" data-src=\"https:\/\/tcrp.ca\/wp-content\/uploads\/2023\/04\/napperon_001-1.jpg\" class=\"bg-img rfbwp-image\"\/><\/div><\/div><\/div><div class=\"fb-page single\"><div class=\"fb-page-content\"><div class=\"fb-container\"><div class=\"page-html\"><\/div><img src=\"https:\/\/tcrp.ca\/wp-content\/plugins\/responsive-flipbook\/assets\/images\/loader.gif\" class=\"bg-img-placeholder rfbwp-image\"\/><img src=\"https:\/\/tcrp.ca\/wp-content\/plugins\/responsive-flipbook\/assets\/images\/preloader.gif\" data-src=\"https:\/\/tcrp.ca\/wp-content\/uploads\/2023\/04\/napperon_002-1.jpg\" class=\"bg-img rfbwp-image\"\/><\/div><\/div><\/div><div class=\"fb-page single\"><div class=\"fb-page-content\"><div class=\"fb-container\"><div class=\"page-html\"><\/div><img src=\"https:\/\/tcrp.ca\/wp-content\/plugins\/responsive-flipbook\/assets\/images\/loader.gif\" class=\"bg-img-placeholder rfbwp-image\"\/><img src=\"https:\/\/tcrp.ca\/wp-content\/plugins\/responsive-flipbook\/assets\/images\/preloader.gif\" data-src=\"https:\/\/tcrp.ca\/wp-content\/uploads\/2023\/04\/napperon_003.jpg\" class=\"bg-img rfbwp-image\"\/><\/div><\/div><\/div><\/div><div id=\"fb-nav-4\" class=\"fb-nav mobile spread bottom \" data-menu-type=\"spread\"  data-grouped=\"true\" data-prev-icon=\"eti eti_arrow_carrot-left\" data-next-icon=\"eti eti_arrow_carrot-right\" data-up-icon=\"eti eti_arrow_carrot-up\" data-down-icon=\"eti eti_arrow_carrot-down\"><ul class=\"alternative-nav\"><li id=\"fb-zoom-out-4\" class=\"fb-zoom-out\" data-icon=\"eti eti_zoom-out_alt\"><\/li><li class=\"big-next show-all-close\" data-icon=\"eti eti_close\"><\/li><\/ul><ul class=\"main-nav\"><li class=\"toc round\" data-icon=\"eti eti_ul\" data-toc-index=\"2\"><\/li><li class=\"show-all round\" data-icon=\"eti eti_grid-3x3\"  data-cols=\"3\"><\/li><li class=\"fullscreen round\" data-icon=\"eti eti_arrow_expand\" data-icon-active=\"eti eti_close\"><\/li><li class=\"zoom round\" data-icon=\"eti eti_zoom-in_alt\" data-icon-active=\"eti eti_zoom-out_alt\"><\/li><li class=\"slideshow round\" data-icon=\"eti eti_arrow_triangle-right_alt2\" data-icon-active=\"eti eti_stop_alt2\"><\/li><\/ul><\/div><\/div>\n<p>[\/vc_column_text]<div class='gallerie_block-container-wpb '><div class='gallerie_block_masonry'><div class='gallerie-img-single' style=\"background-image: url('https:\/\/tcrp.ca\/wp-content\/uploads\/2020\/08\/Groupe-78.jpg');\"><img class='grid-item' src='https:\/\/tcrp.ca\/wp-content\/uploads\/2020\/08\/Groupe-78.jpg' \/><\/div><div class='gallerie-img-single' style=\"background-image: url('https:\/\/tcrp.ca\/wp-content\/uploads\/2020\/08\/Groupe-79.jpg');\"><img class='grid-item' src='https:\/\/tcrp.ca\/wp-content\/uploads\/2020\/08\/Groupe-79.jpg' \/><\/div><div class='gallerie-img-single' style=\"background-image: url('https:\/\/tcrp.ca\/wp-content\/uploads\/2020\/08\/Groupe-80.jpg');\"><img class='grid-item' src='https:\/\/tcrp.ca\/wp-content\/uploads\/2020\/08\/Groupe-80.jpg' \/><\/div><div class='gallerie-img-single' style=\"background-image: url('https:\/\/tcrp.ca\/wp-content\/uploads\/2020\/08\/Groupe-81.jpg');\"><img class='grid-item' src='https:\/\/tcrp.ca\/wp-content\/uploads\/2020\/08\/Groupe-81.jpg' \/><\/div><div class='gallerie-img-single' style=\"background-image: url('https:\/\/tcrp.ca\/wp-content\/uploads\/2020\/08\/Groupe-82.jpg');\"><img class='grid-item' src='https:\/\/tcrp.ca\/wp-content\/uploads\/2020\/08\/Groupe-82.jpg' \/><\/div><div class='gallerie-img-single' style=\"background-image: url('https:\/\/tcrp.ca\/wp-content\/uploads\/2020\/08\/Groupe-83.jpg');\"><img class='grid-item' src='https:\/\/tcrp.ca\/wp-content\/uploads\/2020\/08\/Groupe-83.jpg' \/><\/div><div class='gallerie-img-single' style=\"background-image: url('https:\/\/tcrp.ca\/wp-content\/uploads\/2020\/08\/Groupe-84.jpg');\"><img class='grid-item' src='https:\/\/tcrp.ca\/wp-content\/uploads\/2020\/08\/Groupe-84.jpg' \/><\/div><div class='gallerie-img-single' style=\"background-image: url('https:\/\/tcrp.ca\/wp-content\/uploads\/2020\/08\/Groupe-87.jpg');\"><img class='grid-item' src='https:\/\/tcrp.ca\/wp-content\/uploads\/2020\/08\/Groupe-87.jpg' \/><\/div><div class='gallerie-img-single' style=\"background-image: url('https:\/\/tcrp.ca\/wp-content\/uploads\/2020\/08\/Groupe-85.jpg');\"><img class='grid-item' src='https:\/\/tcrp.ca\/wp-content\/uploads\/2020\/08\/Groupe-85.jpg' \/><\/div><div class='gallerie-img-single' style=\"background-image: url('https:\/\/tcrp.ca\/wp-content\/uploads\/2020\/08\/Groupe-86.jpg');\"><img class='grid-item' src='https:\/\/tcrp.ca\/wp-content\/uploads\/2020\/08\/Groupe-86.jpg' \/><\/div><\/div><\/div><div class='gallerie_block-container-wpb '><div class='gallerie_block_masonry'><div class='gallerie-img-single' style=\"background-image: url('https:\/\/tcrp.ca\/wp-content\/uploads\/2020\/08\/D44A7D4D-1A8E-42A7-B184-9235E45DFB0F-819x1024.jpg');\"><img class='grid-item' src='https:\/\/tcrp.ca\/wp-content\/uploads\/2020\/08\/D44A7D4D-1A8E-42A7-B184-9235E45DFB0F-819x1024.jpg' \/><\/div><div class='gallerie-img-single' style=\"background-image: url('https:\/\/tcrp.ca\/wp-content\/uploads\/2020\/08\/Photo-SEPAQ-slide-tourisme-1-1024x683.jpg');\"><img class='grid-item' src='https:\/\/tcrp.ca\/wp-content\/uploads\/2020\/08\/Photo-SEPAQ-slide-tourisme-1-1024x683.jpg' \/><\/div><div class='gallerie-img-single' style=\"background-image: url('https:\/\/tcrp.ca\/wp-content\/uploads\/2020\/08\/Photo-Ge\u0301oparc-site-internet-1-1024x1024.jpg');\"><img class='grid-item' src='https:\/\/tcrp.ca\/wp-content\/uploads\/2020\/08\/Photo-Ge\u0301oparc-site-internet-1-1024x1024.jpg' \/><\/div><\/div><\/div>[\/vc_column][\/vc_row]<\/p>\n","protected":false},"excerpt":{"rendered":"<p>[vc_row full_width=&#8221;stretch_row_content_no_spaces&#8221;][vc_column][vc_column_text] [\/vc_column_text][\/vc_column][\/vc_row]<\/p>\n","protected":false},"author":1,"featured_media":0,"parent":0,"menu_order":0,"comment_status":"closed","ping_status":"closed","template":"","meta":[],"acf":[],"_links":{"self":[{"href":"https:\/\/tcrp.ca\/en\/wp-json\/wp\/v2\/pages\/12117"}],"collection":[{"href":"https:\/\/tcrp.ca\/en\/wp-json\/wp\/v2\/pages"}],"about":[{"href":"https:\/\/tcrp.ca\/en\/wp-json\/wp\/v2\/types\/page"}],"author":[{"embeddable":true,"href":"https:\/\/tcrp.ca\/en\/wp-json\/wp\/v2\/users\/1"}],"replies":[{"embeddable":true,"href":"https:\/\/tcrp.ca\/en\/wp-json\/wp\/v2\/comments?post=12117"}],"version-history":[{"count":8,"href":"https:\/\/tcrp.ca\/en\/wp-json\/wp\/v2\/pages\/12117\/revisions"}],"predecessor-version":[{"id":14948,"href":"https:\/\/tcrp.ca\/en\/wp-json\/wp\/v2\/pages\/12117\/revisions\/14948"}],"wp:attachment":[{"href":"https:\/\/tcrp.ca\/en\/wp-json\/wp\/v2\/media?parent=12117"}],"curies":[{"name":"wp","href":"https:\/\/api.w.org\/{rel}","templated":true}]}}