{"id":12206,"date":"2020-10-29T10:56:54","date_gmt":"2020-10-29T14:56:54","guid":{"rendered":"https:\/\/tcrp.ca\/become-a-member\/devenir-membre-formulaire\/"},"modified":"2020-11-14T13:51:37","modified_gmt":"2020-11-14T18:51:37","slug":"member-registration-form","status":"publish","type":"page","link":"https:\/\/tcrp.ca\/en\/become-a-member\/member-registration-form\/","title":{"rendered":"Member Registration Form"},"content":{"rendered":"<p>[vc_row full_width=&#8221;stretch_row_content_no_spaces&#8221; disable_element=&#8221;yes&#8221;][vc_column]<div class='text_image_block-container-wpb '><div class='row'><div class=\"col-md-5 text_image_block-image\" style=\"background-image: url('https:\/\/tcrp.ca\/wp-content\/uploads\/2020\/08\/AdobeStock_321783986.png');\">\n                        <img alt=\"\" src=\"https:\/\/tcrp.ca\/wp-content\/uploads\/2020\/08\/AdobeStock_321783986.png\" \/>\n                      <\/div><div class=\"col-md-7 ti-has-image container-main\"><div class=\"container-single ti-text-right align-top\"><h2 class='text_image_block-title-wpb text-default text_image_block-title-color-teal'>Interested in participating in the issues affecting your business or organization?<\/h2><div class=\"content-text btn-color-teal text-default\">\n                    <p><img decoding=\"async\" loading=\"lazy\" class=\"alignnone wp-image-11242\" src=\"https:\/\/tcrp.ca\/wp-content\/uploads\/2020\/09\/logo.png\" alt=\"\" width=\"16\" height=\"16\" srcset=\"https:\/\/tcrp.ca\/wp-content\/uploads\/2020\/09\/logo.png 108w, https:\/\/tcrp.ca\/wp-content\/uploads\/2020\/09\/logo-100x100.png 100w\" sizes=\"(max-width: 16px) 100vw, 16px\" \/>\u00a0 Would you like to take part in tourism and economic development?<\/p>\n<p><img decoding=\"async\" loading=\"lazy\" class=\"alignnone wp-image-11242\" src=\"https:\/\/tcrp.ca\/wp-content\/uploads\/2020\/09\/logo.png\" alt=\"\" width=\"16\" height=\"16\" srcset=\"https:\/\/tcrp.ca\/wp-content\/uploads\/2020\/09\/logo.png 108w, https:\/\/tcrp.ca\/wp-content\/uploads\/2020\/09\/logo-100x100.png 100w\" sizes=\"(max-width: 16px) 100vw, 16px\" \/>\u00a0 Would you like to share the issues that affect your business or organization?<\/p>\n<p><img decoding=\"async\" loading=\"lazy\" class=\"alignnone wp-image-11242\" src=\"https:\/\/tcrp.ca\/wp-content\/uploads\/2020\/09\/logo.png\" alt=\"\" width=\"16\" height=\"16\" srcset=\"https:\/\/tcrp.ca\/wp-content\/uploads\/2020\/09\/logo.png 108w, https:\/\/tcrp.ca\/wp-content\/uploads\/2020\/09\/logo-100x100.png 100w\" sizes=\"(max-width: 16px) 100vw, 16px\" \/>\u00a0 Would you like to take part in the major issues affecting our Regional County Municipality?<\/p>\n<p><img decoding=\"async\" loading=\"lazy\" class=\"alignnone wp-image-11242\" src=\"https:\/\/tcrp.ca\/wp-content\/uploads\/2020\/09\/logo.png\" alt=\"\" width=\"16\" height=\"16\" srcset=\"https:\/\/tcrp.ca\/wp-content\/uploads\/2020\/09\/logo.png 108w, https:\/\/tcrp.ca\/wp-content\/uploads\/2020\/09\/logo-100x100.png 100w\" sizes=\"(max-width: 16px) 100vw, 16px\" \/>\u00a0 Would you like to make yourself better known and expand your business network?<\/p>\n<p><img decoding=\"async\" loading=\"lazy\" class=\"alignnone wp-image-11242\" src=\"https:\/\/tcrp.ca\/wp-content\/uploads\/2020\/09\/logo.png\" alt=\"\" width=\"16\" height=\"16\" srcset=\"https:\/\/tcrp.ca\/wp-content\/uploads\/2020\/09\/logo.png 108w, https:\/\/tcrp.ca\/wp-content\/uploads\/2020\/09\/logo-100x100.png 100w\" sizes=\"(max-width: 16px) 100vw, 16px\" \/>\u00a0 Are you looking for ways to develop your skills in relation to best business practices?<\/p>\n<p>Here are just a few of the good reasons to become a member of Tourisme et Commerce Rocher-Perc\u00e9. For a new membership, for a renewal or to find out about rates, contact us at <a href=\"tel:4186895676\">418-689-5676<\/a> or at <a href=\"mailto:coordination@tcrp.ca\">coordination@tcrp.ca<\/a><\/p>\n<p><a class=\"showAsButton\" href=\"https:\/\/tcrp.ca\/en\/adhesion-membres-2\/\" target=\"_blank\" rel=\"noopener noreferrer\">I would like to become a member<\/a><\/p>\n\n                <\/div>\n            <\/div>\n        <\/div><\/div><\/div>[\/vc_column][\/vc_row][vc_row full_width=&#8221;stretch_row&#8221; css=&#8221;.vc_custom_1603998588258{background-color: #e2e0e0 !important;}&#8221;][vc_column offset=&#8221;vc_col-lg-offset-2 vc_col-lg-8&#8243;]<script type=\"text\/javascript\">var gform;gform||(document.addEventListener(\"gform_main_scripts_loaded\",function(){gform.scriptsLoaded=!0}),window.addEventListener(\"DOMContentLoaded\",function(){gform.domLoaded=!0}),gform={domLoaded:!1,scriptsLoaded:!1,initializeOnLoaded:function(o){gform.domLoaded&&gform.scriptsLoaded?o():!gform.domLoaded&&gform.scriptsLoaded?window.addEventListener(\"DOMContentLoaded\",o):document.addEventListener(\"gform_main_scripts_loaded\",o)},hooks:{action:{},filter:{}},addAction:function(o,n,r,t){gform.addHook(\"action\",o,n,r,t)},addFilter:function(o,n,r,t){gform.addHook(\"filter\",o,n,r,t)},doAction:function(o){gform.doHook(\"action\",o,arguments)},applyFilters:function(o){return gform.doHook(\"filter\",o,arguments)},removeAction:function(o,n){gform.removeHook(\"action\",o,n)},removeFilter:function(o,n,r){gform.removeHook(\"filter\",o,n,r)},addHook:function(o,n,r,t,i){null==gform.hooks[o][n]&&(gform.hooks[o][n]=[]);var e=gform.hooks[o][n];null==i&&(i=n+\"_\"+e.length),gform.hooks[o][n].push({tag:i,callable:r,priority:t=null==t?10:t})},doHook:function(n,o,r){var t;if(r=Array.prototype.slice.call(r,1),null!=gform.hooks[n][o]&&((o=gform.hooks[n][o]).sort(function(o,n){return o.priority-n.priority}),o.forEach(function(o){\"function\"!=typeof(t=o.callable)&&(t=window[t]),\"action\"==n?t.apply(null,r):r[0]=t.apply(null,r)})),\"filter\"==n)return r[0]},removeHook:function(o,n,t,i){var r;null!=gform.hooks[o][n]&&(r=(r=gform.hooks[o][n]).filter(function(o,n,r){return!!(null!=i&&i!=o.tag||null!=t&&t!=o.priority)}),gform.hooks[o][n]=r)}});<\/script>\n                <div class='gf_browser_gecko gform_wrapper gform_legacy_markup_wrapper' id='gform_wrapper_5' style='display:none'><form method='post' enctype='multipart\/form-data'  id='gform_5'  action='\/en\/wp-json\/wp\/v2\/pages\/12206' >\n                        <div class='gform_body gform-body'><ul id='gform_fields_5' class='gform_fields top_label form_sublabel_below description_below'><li id=\"field_5_18\"  class=\"gfield gsection field_sublabel_below field_description_below gfield_visibility_visible\"  data-js-reload=\"field_5_18\"><h2 class=\"gsection_title\">Subscription type<\/h2><\/li><li id=\"field_5_3\"  class=\"gfield gf_left_half gfield_contains_required field_sublabel_below field_description_below gfield_visibility_visible\"  data-js-reload=\"field_5_3\"><label class='gfield_label' for='input_5_3' >Subscribtion :<span class=\"gfield_required\"><span class=\"gfield_required gfield_required_asterisk\">*<\/span><\/span><\/label><div class='ginput_container ginput_container_select'><select name='input_3' id='input_5_3' class='medium gfield_select'    aria-required=\"true\" aria-invalid=\"false\" ><option value='' selected='selected' class='gf_placeholder'>Select a subscribtion type<\/option><option value='G\u00e9n\u00e9ral' >G\u00e9n\u00e9ral<\/option><option value='Festivals et \u00e9v\u00e9nement' >Festivals et \u00e9v\u00e9nement<\/option><option value='Restauration' >Restauration<\/option><option value='H\u00e9bergement' >H\u00e9bergement<\/option><option value='Commercial' >Commercial<\/option><\/select><\/div><\/li><li id=\"field_5_5\"  class=\"gfield gf_right_half field_sublabel_below field_description_below gfield_visibility_visible\"  data-js-reload=\"field_5_5\"><label class='gfield_label' for='input_5_5' >Option : General<\/label><div class='ginput_container ginput_container_select'><select name='input_5' id='input_5_5' class='medium gfield_select'  aria-describedby=\"gfield_description_5_5\"   aria-invalid=\"false\" ><option value='Entrepreneurs (50$)' >Entrepreneurs (50$)<\/option><option value='Artisans (50$)' >Artisans (50$)<\/option><option value='Cruise lines (125$)' >Cruise lines (125$)<\/option><option value='Non-Profts and co-ops (125$)' >Non-Profts and co-ops (125$)<\/option><option value='Crown and quasi-public corporations (500$)' >Crown and quasi-public corporations (500$)<\/option><option value='Financial institutions (500$)' >Financial institutions (500$)<\/option><option value='Annual sponsors (0$)' >Annual sponsors (0$)<\/option><\/select><\/div><div class='gfield_description' id='gfield_description_5_5'>Entrepreneurs and owners under the age of 35, in business for 3 years or less.<\/div><\/li><li id=\"field_5_6\"  class=\"gfield gf_right_half field_sublabel_below field_description_below gfield_visibility_visible\"  data-js-reload=\"field_5_6\"><label class='gfield_label' for='input_5_6' >Option : Festival and events<\/label><div class='ginput_container ginput_container_select'><select name='input_6' id='input_5_6' class='medium gfield_select'     aria-invalid=\"false\" ><option value='1 to 500 participants(100$)' >1 to 500 participants(100$)<\/option><option value='501 to 1,500 participants(125$)' >501 to 1,500 participants(125$)<\/option><option value='1,501 to 3000 participants(175$)' >1,501 to 3000 participants(175$)<\/option><option value='3,001 participants or more(250$)' >3,001 participants or more(250$)<\/option><\/select><\/div><\/li><li id=\"field_5_34\"  class=\"gfield gf_right_half field_sublabel_below field_description_below gfield_visibility_visible\"  data-js-reload=\"field_5_34\"><label class='gfield_label' for='input_5_34' >Option : Catering<\/label><div class='ginput_container ginput_container_select'><select name='input_34' id='input_5_34' class='medium gfield_select'     aria-invalid=\"false\" ><option value='1 to 25 seats(125$)' >1 to 25 seats(125$)<\/option><option value='26 to 75 seats(175$)' >26 to 75 seats(175$)<\/option><option value='76 + seats(225$)' >76 + seats(225$)<\/option><\/select><\/div><\/li><li id=\"field_5_8\"  class=\"gfield gf_right_half field_sublabel_below field_description_below gfield_visibility_visible\"  data-js-reload=\"field_5_8\"><label class='gfield_label' for='input_5_8' >Option : Lodging<\/label><div class='ginput_container ginput_container_select'><select name='input_8' id='input_5_8' class='medium gfield_select'     aria-invalid=\"false\" ><option value='1 to 25 units(125$)' >1 to 25 units(125$)<\/option><option value='26 to 75 units (175$)' >26 to 75 units (175$)<\/option><option value='76 + units(225$)' >76 + units(225$)<\/option><\/select><\/div><\/li><li id=\"field_5_9\"  class=\"gfield gf_right_half field_sublabel_below field_description_below gfield_visibility_visible\"  data-js-reload=\"field_5_9\"><label class='gfield_label' for='input_5_9' >Option : Commercial<\/label><div class='ginput_container ginput_container_select'><select name='input_9' id='input_5_9' class='medium gfield_select'     aria-invalid=\"false\" ><option value='Single employee(125$)' >Single employee(125$)<\/option><option value='2 to 25 employees(175$)' >2 to 25 employees(175$)<\/option><option value='26 to 50 employees(250$)' >26 to 50 employees(250$)<\/option><option value='51 to 100 employees(350$)' >51 to 100 employees(350$)<\/option><option value='101 to 200 employees(475$)' >101 to 200 employees(475$)<\/option><option value='Plus to 200 employees(625$)' >Plus to 200 employees(625$)<\/option><\/select><\/div><\/li><li id=\"field_5_1\"  class=\"gfield field_sublabel_below field_description_below gfield_visibility_visible\"  data-js-reload=\"field_5_1\"><label class='gfield_label' for='input_5_1' >Sector of activity :<\/label><div class='ginput_container ginput_container_text'><input name='input_1' id='input_5_1' type='text' value='' class='medium'      aria-invalid=\"false\"   \/> <\/div><\/li><li id=\"field_5_2\"  class=\"gfield gfield_contains_required field_sublabel_below field_description_below gfield_visibility_visible\"  data-js-reload=\"field_5_2\"><label class='gfield_label' for='input_5_2' >Name of business or organisation :<span class=\"gfield_required\"><span class=\"gfield_required gfield_required_asterisk\">*<\/span><\/span><\/label><div class='ginput_container ginput_container_text'><input name='input_2' id='input_5_2' type='text' value='' class='medium'     aria-required=\"true\" aria-invalid=\"false\"   \/> <\/div><\/li><li id=\"field_5_11\"  class=\"gfield gsection field_sublabel_below field_description_below gfield_visibility_visible\"  data-js-reload=\"field_5_11\"><h2 class=\"gsection_title\">Representative of the organization :<\/h2><\/li><li id=\"field_5_12\"  class=\"gfield gf_left_third field_sublabel_below field_description_below gfield_visibility_visible\"  data-js-reload=\"field_5_12\"><label class='gfield_label' for='input_5_12' >First Name<\/label><div class='ginput_container ginput_container_text'><input name='input_12' id='input_5_12' type='text' value='' class='medium'      aria-invalid=\"false\"   \/> <\/div><\/li><li id=\"field_5_13\"  class=\"gfield gf_middle_third field_sublabel_below field_description_below gfield_visibility_visible\"  data-js-reload=\"field_5_13\"><label class='gfield_label' for='input_5_13' >Last Name<\/label><div class='ginput_container ginput_container_text'><input name='input_13' id='input_5_13' type='text' value='' class='medium'      aria-invalid=\"false\"   \/> <\/div><\/li><li id=\"field_5_19\"  class=\"gfield gf_right_third field_sublabel_below field_description_below gfield_visibility_visible\"  data-js-reload=\"field_5_19\"><label class='gfield_label' for='input_5_19' >Title<\/label><div class='ginput_container ginput_container_text'><input name='input_19' id='input_5_19' type='text' value='' class='medium'      aria-invalid=\"false\"   \/> <\/div><\/li><li id=\"field_5_14\"  class=\"gfield gsection field_sublabel_below field_description_below gfield_visibility_visible\"  data-js-reload=\"field_5_14\"><h2 class=\"gsection_title\">Compagny or organisation adress<\/h2><\/li><li id=\"field_5_21\"  class=\"gfield gfield_contains_required field_sublabel_above field_description_below gfield_visibility_visible\"  data-js-reload=\"field_5_21\"><label class='gfield_label gfield_label_before_complex'  >Adress<span class=\"gfield_required\"><span class=\"gfield_required gfield_required_asterisk\">*<\/span><\/span><\/label>    \n                    <div class='ginput_complex ginput_container has_street has_city has_state has_zip ginput_container_address' id='input_5_21' >\n                         <span class='ginput_full address_line_1 ginput_address_line_1' id='input_5_21_1_container' >\n                                        <label for='input_5_21_1' id='input_5_21_1_label' >Adress<\/label>\n                                        <input type='text' name='input_21.1' id='input_5_21_1' value=''    aria-required='true'    \/>\n                                   <\/span><span class='ginput_left address_city ginput_address_city' id='input_5_21_3_container' >\n                                    <label for='input_5_21_3' id='input_5_21_3_label' >City<\/label>\n                                    <input type='text' name='input_21.3' id='input_5_21_3' value=''    aria-required='true'    \/>\n                                 <\/span><span class='ginput_right address_state ginput_address_state' id='input_5_21_4_container' >\n                                        <label for='input_5_21_4' id='input_5_21_4_label' >Province<\/label>\n                                        <select name='input_21.4' id='input_5_21_4'     aria-required='true'    ><option value='' ><\/option><option value='Alberta' >Alberta<\/option><option value='British Columbia' >British Columbia<\/option><option value='Manitoba' >Manitoba<\/option><option value='New Brunswick' >New Brunswick<\/option><option value='Newfoundland and Labrador' >Newfoundland and Labrador<\/option><option value='Northwest Territories' >Northwest Territories<\/option><option value='Nova Scotia' >Nova Scotia<\/option><option value='Nunavut' >Nunavut<\/option><option value='Ontario' >Ontario<\/option><option value='Prince Edward Island' >Prince Edward Island<\/option><option value='Quebec' >Quebec<\/option><option value='Saskatchewan' >Saskatchewan<\/option><option value='Yukon' >Yukon<\/option><\/select>\n                                      <\/span><span class='ginput_left address_zip ginput_address_zip' id='input_5_21_5_container' >\n                                    <label for='input_5_21_5' id='input_5_21_5_label' >Postal Code<\/label>\n                                    <input type='text' name='input_21.5' id='input_5_21_5' value=''    aria-required='true'    \/>\n                                <\/span><input type='hidden' class='gform_hidden' name='input_21.6' id='input_5_21_6' value='Canada' \/>\n                    <div class='gf_clear gf_clear_complex'><\/div>\n                <\/div><\/li><li id=\"field_5_22\"  class=\"gfield gfield_contains_required field_sublabel_below field_description_below gfield_visibility_visible\"  data-js-reload=\"field_5_22\"><label class='gfield_label' for='input_5_22' >Phone<span class=\"gfield_required\"><span class=\"gfield_required gfield_required_asterisk\">*<\/span><\/span><\/label><div class='ginput_container ginput_container_phone'><input name='input_22' id='input_5_22' type='text' value='' class='medium'   aria-required=\"true\" aria-invalid=\"false\"   \/><\/div><\/li><li id=\"field_5_23\"  class=\"gfield gf_left_half gfield_contains_required field_sublabel_below field_description_below gfield_visibility_visible\"  data-js-reload=\"field_5_23\"><label class='gfield_label' for='input_5_23' >Email Address<span class=\"gfield_required\"><span class=\"gfield_required gfield_required_asterisk\">*<\/span><\/span><\/label><div class='ginput_container ginput_container_email'>\n                            <input name='input_23' id='input_5_23' type='text' value='' class='medium'    aria-required=\"true\" aria-invalid=\"false\"  \/>\n                        <\/div><\/li><li id=\"field_5_24\"  class=\"gfield gf_right_half field_sublabel_below field_description_below gfield_visibility_visible\"  data-js-reload=\"field_5_24\"><label class='gfield_label' for='input_5_24' >Billing Email<\/label><div class='ginput_container ginput_container_email'>\n                            <input name='input_24' id='input_5_24' type='text' value='' class='medium'     aria-invalid=\"false\"  \/>\n                        <\/div><\/li><li id=\"field_5_25\"  class=\"gfield gf_left_third field_sublabel_below field_description_below gfield_visibility_visible\"  data-js-reload=\"field_5_25\"><label class='gfield_label' for='input_5_25' >Website<\/label><div class='ginput_container ginput_container_website'>\n                    <input name='input_25' id='input_5_25' type='text' value='' class='medium'    placeholder='https:\/\/'  aria-invalid=\"false\"\/>\n                <\/div><\/li><li id=\"field_5_26\"  class=\"gfield gf_middle_third field_sublabel_below field_description_below gfield_visibility_visible\"  data-js-reload=\"field_5_26\"><label class='gfield_label' for='input_5_26' >Facebook<\/label><div class='ginput_container ginput_container_website'>\n                    <input name='input_26' id='input_5_26' type='text' value='' class='medium'    placeholder='https:\/\/'  aria-invalid=\"false\"\/>\n                <\/div><\/li><li id=\"field_5_27\"  class=\"gfield gf_right_third field_sublabel_below field_description_below gfield_visibility_visible\"  data-js-reload=\"field_5_27\"><label class='gfield_label' for='input_5_27' >Linkedin<\/label><div class='ginput_container ginput_container_website'>\n                    <input name='input_27' id='input_5_27' type='text' value='' class='medium'    placeholder='https:\/\/'  aria-invalid=\"false\"\/>\n                <\/div><\/li><li id=\"field_5_28\"  class=\"gfield field_sublabel_below field_description_below gfield_visibility_visible\"  data-js-reload=\"field_5_28\"><label class='gfield_label' for='input_5_28' >Description of the business or organization (500 words maximum)<\/label><div class='ginput_container ginput_container_textarea'><textarea name='input_28' id='input_5_28' class='textarea medium'   maxlength='500'   aria-invalid=\"false\"   rows='10' cols='50'><\/textarea><\/div><\/li><li id=\"field_5_29\"  class=\"gfield field_sublabel_below field_description_below gfield_visibility_visible\"  data-js-reload=\"field_5_29\"><label class='gfield_label' for='input_5_29' >Number or employees<\/label><div class='ginput_container ginput_container_number'><input name='input_29' id='input_5_29' type='text'    value='' class='small'      aria-invalid=\"false\"  \/><\/div><\/li><li id=\"field_5_31\"  class=\"gfield check-infos field_sublabel_below field_description_below hidden_label gfield_visibility_visible\"  data-js-reload=\"field_5_31\"><label class='gfield_label gfield_label_before_complex'  >Autorisation<\/label><div class='ginput_container ginput_container_checkbox'><ul class='gfield_checkbox' id='input_5_31'><li class='gchoice gchoice_5_31_1'>\n\t\t\t\t\t\t\t\t<input class='gfield-choice-input' name='input_31.1' type='checkbox'  value='I authorize Tourisme et Commerce du Rocher-Perc\u00e9 to publish my promotional information on their website'  id='choice_5_31_1'   \/>\n\t\t\t\t\t\t\t\t<label for='choice_5_31_1' id='label_5_31_1'>I authorize Tourisme et Commerce du Rocher-Perc\u00e9 to publish my promotional information on their website<\/label>\n\t\t\t\t\t\t\t<\/li><\/ul><\/div><\/li><li id=\"field_5_33\"  class=\"gfield field_sublabel_below field_description_below gfield_visibility_visible\"  data-js-reload=\"field_5_33\"><label class='gfield_label'  >Have you ever been a member of Tourisme et Commerce du Rocher-Perc\u00e9?<\/label><div class='ginput_container ginput_container_radio'><ul class='gfield_radio' id='input_5_33'>\n\t\t\t<li class='gchoice gchoice_5_33_0'>\n\t\t\t\t<input name='input_33' type='radio' value='Yes'  id='choice_5_33_0'    \/>\n\t\t\t\t<label for='choice_5_33_0' id='label_5_33_0'>Yes<\/label>\n\t\t\t<\/li>\n\t\t\t<li class='gchoice gchoice_5_33_1'>\n\t\t\t\t<input name='input_33' type='radio' value='No'  id='choice_5_33_1'    \/>\n\t\t\t\t<label for='choice_5_33_1' id='label_5_33_1'>No<\/label>\n\t\t\t<\/li><\/ul><\/div><\/li><li id=\"field_5_32\"  class=\"gfield field_sublabel_below field_description_below gfield_visibility_visible\"  data-js-reload=\"field_5_32\"><label class='gfield_label'  >Would you like to subscribe to our newsletter to stay up to date on upcoming events and training sessions?<\/label><div class='ginput_container ginput_container_radio'><ul class='gfield_radio' id='input_5_32'>\n\t\t\t<li class='gchoice gchoice_5_32_0'>\n\t\t\t\t<input name='input_32' type='radio' value='Yes'  id='choice_5_32_0'    \/>\n\t\t\t\t<label for='choice_5_32_0' id='label_5_32_0'>Yes<\/label>\n\t\t\t<\/li>\n\t\t\t<li class='gchoice gchoice_5_32_1'>\n\t\t\t\t<input name='input_32' type='radio' value='No'  id='choice_5_32_1'    \/>\n\t\t\t\t<label for='choice_5_32_1' id='label_5_32_1'>No<\/label>\n\t\t\t<\/li><\/ul><\/div><\/li><li id=\"field_5_35\"  class=\"gfield gform_validation_container field_sublabel_below field_description_below gfield_visibility_visible\"  data-js-reload=\"field_5_35\"><label class='gfield_label' for='input_5_35' >Name<\/label><div class='ginput_container'><input name='input_35' id='input_5_35' type='text' value='' \/><\/div><div class='gfield_description' id='gfield_description_5_35'>This field is for validation purposes and should be left unchanged.<\/div><\/li><\/ul><\/div>\n        <div class='gform_footer top_label'> <input type='submit' id='gform_submit_button_5' class='gform_button button' value='Send'  onclick='if(window[\"gf_submitting_5\"]){return false;}  window[\"gf_submitting_5\"]=true;  ' onkeypress='if( event.keyCode == 13 ){ if(window[\"gf_submitting_5\"]){return false;} window[\"gf_submitting_5\"]=true;  jQuery(\"#gform_5\").trigger(\"submit\",[true]); }' \/> \n            <input type='hidden' class='gform_hidden' name='is_submit_5' value='1' \/>\n            <input type='hidden' class='gform_hidden' name='gform_submit' value='5' \/>\n            \n            <input type='hidden' class='gform_hidden' name='gform_unique_id' value='' \/>\n            <input type='hidden' class='gform_hidden' name='state_5' value='WyJbXSIsImU0ZTZhNmRiMjY2NTAwZDBkODE0Y2E5MDU4M2MwMTkxIl0=' \/>\n            <input type='hidden' class='gform_hidden' name='gform_target_page_number_5' id='gform_target_page_number_5' value='0' \/>\n            <input type='hidden' class='gform_hidden' name='gform_source_page_number_5' id='gform_source_page_number_5' value='1' \/>\n            <input type='hidden' name='gform_field_values' value='' \/>\n            \n        <\/div>\n                        <\/form>\n                        <\/div>[\/vc_column][\/vc_row]<\/p>\n","protected":false},"excerpt":{"rendered":"<p>[vc_row full_width=&#8221;stretch_row_content_no_spaces&#8221; disable_element=&#8221;yes&#8221;][vc_column][\/vc_column][\/vc_row][vc_row full_width=&#8221;stretch_row&#8221; css=&#8221;.vc_custom_1603998588258{background-color: #e2e0e0 !important;}&#8221;][vc_column offset=&#8221;vc_col-lg-offset-2 vc_col-lg-8&#8243;][\/vc_column][\/vc_row]<\/p>\n","protected":false},"author":1,"featured_media":0,"parent":12159,"menu_order":0,"comment_status":"closed","ping_status":"closed","template":"","meta":[],"acf":[],"_links":{"self":[{"href":"https:\/\/tcrp.ca\/en\/wp-json\/wp\/v2\/pages\/12206"}],"collection":[{"href":"https:\/\/tcrp.ca\/en\/wp-json\/wp\/v2\/pages"}],"about":[{"href":"https:\/\/tcrp.ca\/en\/wp-json\/wp\/v2\/types\/page"}],"author":[{"embeddable":true,"href":"https:\/\/tcrp.ca\/en\/wp-json\/wp\/v2\/users\/1"}],"replies":[{"embeddable":true,"href":"https:\/\/tcrp.ca\/en\/wp-json\/wp\/v2\/comments?post=12206"}],"version-history":[{"count":3,"href":"https:\/\/tcrp.ca\/en\/wp-json\/wp\/v2\/pages\/12206\/revisions"}],"predecessor-version":[{"id":12317,"href":"https:\/\/tcrp.ca\/en\/wp-json\/wp\/v2\/pages\/12206\/revisions\/12317"}],"up":[{"embeddable":true,"href":"https:\/\/tcrp.ca\/en\/wp-json\/wp\/v2\/pages\/12159"}],"wp:attachment":[{"href":"https:\/\/tcrp.ca\/en\/wp-json\/wp\/v2\/media?parent=12206"}],"curies":[{"name":"wp","href":"https:\/\/api.w.org\/{rel}","templated":true}]}}